{"id":3091,"date":"2025-04-23T15:31:04","date_gmt":"2025-04-23T20:31:04","guid":{"rendered":"https:\/\/codax-int.com\/?page_id=3091"},"modified":"2025-11-24T22:11:02","modified_gmt":"2025-11-25T03:11:02","slug":"privater-wohnsitz","status":"publish","type":"page","link":"https:\/\/codax-int.com\/de\/private-residence\/","title":{"rendered":"Privater Wohnsitz"},"content":{"rendered":"<div data-elementor-type=\"wp-page\" data-elementor-id=\"3091\" class=\"elementor elementor-3091\" data-elementor-post-type=\"page\">\n\t\t\t\t<div class=\"elementor-element elementor-element-7f20ab1 e-flex e-con-boxed e-con e-parent\" data-id=\"7f20ab1\" data-element_type=\"container\" data-e-type=\"container\">\n\t\t\t\t\t<div class=\"e-con-inner\">\n\t\t<div class=\"elementor-element elementor-element-6cdad54 e-flex e-con-boxed e-con e-child\" data-id=\"6cdad54\" data-element_type=\"container\" data-e-type=\"container\" data-settings=\"{&quot;background_background&quot;:&quot;classic&quot;}\">\n\t\t\t\t\t<div class=\"e-con-inner\">\n\t\t\t\t<div class=\"elementor-element elementor-element-864098b elementor-widget elementor-widget-heading\" data-id=\"864098b\" data-element_type=\"widget\" data-e-type=\"widget\" data-widget_type=\"heading.default\">\n\t\t\t\t<div class=\"elementor-widget-container\">\n\t\t\t\t\t<h1 class=\"elementor-heading-title elementor-size-default\">Privater Wohnsitz<\/h1>\t\t\t\t<\/div>\n\t\t\t\t<\/div>\n\t\t\t\t\t<\/div>\n\t\t\t\t<\/div>\n\t\t\t\t\t<\/div>\n\t\t\t\t<\/div>\n\t\t<div class=\"elementor-element elementor-element-d5fb63b e-flex e-con-boxed e-con e-parent\" data-id=\"d5fb63b\" data-element_type=\"container\" data-e-type=\"container\">\n\t\t\t\t\t<div class=\"e-con-inner\">\n\t\t<div class=\"elementor-element elementor-element-1e080db e-con-full e-flex e-con e-child\" data-id=\"1e080db\" data-element_type=\"container\" data-e-type=\"container\" data-settings=\"{&quot;background_background&quot;:&quot;classic&quot;}\">\n\t\t\t\t<div class=\"elementor-element elementor-element-48189f4 elementor-widget-divider--view-line elementor-widget elementor-widget-divider\" data-id=\"48189f4\" data-element_type=\"widget\" data-e-type=\"widget\" data-widget_type=\"divider.default\">\n\t\t\t\t<div class=\"elementor-widget-container\">\n\t\t\t\t\t\t\t<div class=\"elementor-divider\">\n\t\t\t<span class=\"elementor-divider-separator\">\n\t\t\t\t\t\t<\/span>\n\t\t<\/div>\n\t\t\t\t\t\t<\/div>\n\t\t\t\t<\/div>\n\t\t\t\t<div class=\"elementor-element elementor-element-2e5c071 elementor-widget elementor-widget-heading\" data-id=\"2e5c071\" data-element_type=\"widget\" data-e-type=\"widget\" data-widget_type=\"heading.default\">\n\t\t\t\t<div class=\"elementor-widget-container\">\n\t\t\t\t\t<h2 class=\"elementor-heading-title elementor-size-default\">Privater Wohnsitz<\/h2>\t\t\t\t<\/div>\n\t\t\t\t<\/div>\n\t\t\t\t<div class=\"elementor-element elementor-element-acab608 elementor-widget elementor-widget-text-editor\" data-id=\"acab608\" data-element_type=\"widget\" data-e-type=\"widget\" data-widget_type=\"text-editor.default\">\n\t\t\t\t<div class=\"elementor-widget-container\">\n\t\t\t\t\t\t\t\t\t<p>Bei so vielen <strong>Intelligente Heimsysteme <\/strong>und Produkte auf dem Markt, kann es schwierig sein zu verstehen, warum Sie Smart Home in Betracht ziehen sollten und welches System Sie w\u00e4hlen sollten.<\/p><p>Smart Home, oder noch relevanter, <strong>Hausautomatisierungssysteme<\/strong>sind mehr als nur die M\u00f6glichkeit, Ihr Zuhause \u00fcber Ihr Telefon zu steuern. Ein wirklich intelligentes Haus bietet mehrere Automatisierungsebenen, die nicht nur Energie sparen, sondern auch f\u00fcr mehr Komfort in der Umgebung sorgen. Einige Beispiele:<\/p><p>\u00a0<\/p><ul><li>Einsatz von Bewegungsmeldern in Fluren und B\u00e4dern<\/li><li>Ihre Heizung reagiert auf \u00e4u\u00dfere Faktoren wie einen besonders hei\u00dfen\/kalten Tag<\/li><li>Schlie\u00dfen der Jalousien\/Vorh\u00e4nge, um eine \u00dcberhitzung des Raums zu vermeiden<\/li><li>Sicherung der Wohnung nachts \/ bei Abwesenheit<\/li><\/ul>\t\t\t\t\t\t\t\t<\/div>\n\t\t\t\t<\/div>\n\t\t\t\t<\/div>\n\t\t\t\t\t<\/div>\n\t\t\t\t<\/div>\n\t\t<div class=\"elementor-element elementor-element-d908654 e-flex e-con-boxed e-con e-parent\" data-id=\"d908654\" data-element_type=\"container\" data-e-type=\"container\">\n\t\t\t\t\t<div class=\"e-con-inner\">\n\t\t<div class=\"elementor-element elementor-element-b6f251e e-flex e-con-boxed e-con e-child\" data-id=\"b6f251e\" data-element_type=\"container\" data-e-type=\"container\" data-settings=\"{&quot;background_background&quot;:&quot;classic&quot;}\">\n\t\t\t\t\t<div class=\"e-con-inner\">\n\t\t\t\t\t<\/div>\n\t\t\t\t<\/div>\n\t\t\t\t\t<\/div>\n\t\t\t\t<\/div>\n\t\t<div class=\"elementor-element elementor-element-eddcf2b e-flex e-con-boxed e-con e-parent\" data-id=\"eddcf2b\" data-element_type=\"container\" data-e-type=\"container\">\n\t\t\t\t\t<div class=\"e-con-inner\">\n\t\t<div class=\"elementor-element elementor-element-27cb9c1 e-con-full e-flex e-con e-child\" data-id=\"27cb9c1\" data-element_type=\"container\" data-e-type=\"container\" data-settings=\"{&quot;background_background&quot;:&quot;classic&quot;}\">\n\t\t\t\t<div class=\"elementor-element elementor-element-ed4bb3e elementor-widget-divider--view-line elementor-widget elementor-widget-divider\" data-id=\"ed4bb3e\" data-element_type=\"widget\" data-e-type=\"widget\" data-widget_type=\"divider.default\">\n\t\t\t\t<div class=\"elementor-widget-container\">\n\t\t\t\t\t\t\t<div class=\"elementor-divider\">\n\t\t\t<span class=\"elementor-divider-separator\">\n\t\t\t\t\t\t<\/span>\n\t\t<\/div>\n\t\t\t\t\t\t<\/div>\n\t\t\t\t<\/div>\n\t\t\t\t<div class=\"elementor-element elementor-element-36fb8b4 elementor-widget elementor-widget-text-editor\" data-id=\"36fb8b4\" data-element_type=\"widget\" data-e-type=\"widget\" data-widget_type=\"text-editor.default\">\n\t\t\t\t<div class=\"elementor-widget-container\">\n\t\t\t\t\t\t\t\t\t<p>Unser <strong>Smart Home L\u00f6sung<\/strong> baut auf dem <strong>weltweiter Standard f\u00fcr Geb\u00e4udeautomation - KNX<\/strong>. Die KNX-Protokoll-Fact-Datei sieht wie folgt aus:<span style=\"font-style: inherit; text-align: var(--text-align);\">\u00a0<\/span><\/p><ul><li><strong>Open-Source und nicht-propriet\u00e4r<\/strong> Das bedeutet, dass Sie nie an einen bestimmten Hersteller gebunden sind und nicht davon abh\u00e4ngig sind, dass dieser das System weiterhin unterst\u00fctzt.<\/li><li><strong>8000+ zertifizierte Produkte von 500+ zertifizierten Herstellern<\/strong> Das hei\u00dft, Sie m\u00fcssen nicht Stil gegen Funktionalit\u00e4t eintauschen - Sie k\u00f6nnen beides haben!<\/li><li><strong>Ma\u00dfgeschneiderte L\u00f6sung<\/strong> angepasst an die Anforderungen Ihrer Immobilie und Ihrer Familie<\/li><li><strong>Dezentralisierte und geteilte Intelligenz <\/strong>was bedeutet, dass es keinen einzigen Fehlerpunkt gibt<\/li><li><strong>Kabelgebunden<\/strong> Bedeutung der garantierten Daten\u00fcbertragung<\/li><li><strong>Weitgehend angenommen<\/strong> mit \u00fcber 130.000 KNX Partnern weltweit<\/li><li><strong>Vollst\u00e4ndig abw\u00e4rts- und vorw\u00e4rtskompatibel<\/strong> w\u00e4hrend seines 35-j\u00e4hrigen Bestehens<\/li><li><strong>Sicher und verl\u00e4sslich<\/strong><\/li><\/ul><p>Die Vorteile von KNX stehen im Gegensatz zu den Nachteilen vieler anderer Systeme, wie z.B. der auf \"IOT\"-Technologien basierenden Systeme, die auf einen Lebenszyklus von 3 Jahren ausgelegt sind! Bei anderen propriet\u00e4ren L\u00f6sungen sind Smart-Home-Besitzer der Gnade des Herstellers ausgeliefert und oft gezwungen, alle 5-10 Jahre kostspielige System-Upgrades vorzunehmen. Bei KNX ist dies nicht der Fall, da Systeme, die vor mehr als 30 Jahren installiert wurden, auch heute noch reibungslos mit dem KNX Framework funktionieren.<\/p>\t\t\t\t\t\t\t\t<\/div>\n\t\t\t\t<\/div>\n\t\t\t\t<\/div>\n\t\t\t\t\t<\/div>\n\t\t\t\t<\/div>\n\t\t<div class=\"elementor-element elementor-element-af2d4d4 e-flex e-con-boxed e-con e-parent\" data-id=\"af2d4d4\" data-element_type=\"container\" data-e-type=\"container\">\n\t\t\t\t\t<div class=\"e-con-inner\">\n\t\t<div class=\"elementor-element elementor-element-9310b97 e-flex e-con-boxed e-con e-child\" data-id=\"9310b97\" data-element_type=\"container\" data-e-type=\"container\" data-settings=\"{&quot;background_background&quot;:&quot;classic&quot;}\">\n\t\t\t\t\t<div class=\"e-con-inner\">\n\t\t\t\t\t<\/div>\n\t\t\t\t<\/div>\n\t\t\t\t\t<\/div>\n\t\t\t\t<\/div>\n\t\t<div class=\"elementor-element elementor-element-ffe4144 e-flex e-con-boxed e-con e-parent\" data-id=\"ffe4144\" data-element_type=\"container\" data-e-type=\"container\">\n\t\t\t\t\t<div class=\"e-con-inner\">\n\t\t<div class=\"elementor-element elementor-element-443691b e-con-full e-flex e-con e-child\" data-id=\"443691b\" data-element_type=\"container\" data-e-type=\"container\" data-settings=\"{&quot;background_background&quot;:&quot;classic&quot;}\">\n\t\t\t\t<div class=\"elementor-element elementor-element-28e82f6 elementor-widget-divider--view-line elementor-widget elementor-widget-divider\" data-id=\"28e82f6\" data-element_type=\"widget\" data-e-type=\"widget\" data-widget_type=\"divider.default\">\n\t\t\t\t<div class=\"elementor-widget-container\">\n\t\t\t\t\t\t\t<div class=\"elementor-divider\">\n\t\t\t<span class=\"elementor-divider-separator\">\n\t\t\t\t\t\t<\/span>\n\t\t<\/div>\n\t\t\t\t\t\t<\/div>\n\t\t\t\t<\/div>\n\t\t\t\t<div class=\"elementor-element elementor-element-ae73f2f elementor-widget elementor-widget-text-editor\" data-id=\"ae73f2f\" data-element_type=\"widget\" data-e-type=\"widget\" data-widget_type=\"text-editor.default\">\n\t\t\t\t<div class=\"elementor-widget-container\">\n\t\t\t\t\t\t\t\t\t<p>Weitere vorteilhafte Eigenschaften von KNX sind die <strong>Steuerfunktionen<\/strong> die Folgendes umfassen:<\/p><p>\u00a0<\/p><ul><li style=\"list-style-type: none;\"><ul><li><strong>Intelligente Beleuchtungssteuerung<\/strong> - Sanftes Dimmen, Szeneneinstellung, Automatisierung \u00fcber Bewegungs- und Zeitfunktionen<\/li><li><strong>Intelligente Heizungssteuerung <\/strong>- Selbstregulierendes Heizen (und K\u00fchlen), um einen effizienten PWM-Zyklus pro Raum zu erreichen, der die Temperaturmessung des Lichtschalters und\/oder des Deckensensors nutzt.<\/li><li><strong>Intelligente Beschattungen<\/strong> - Automatisierte oder manuelle Steuerung Ihrer Rollos und Jalousien einschlie\u00dflich elektrischer \u00d6ffnungen<\/li><li><strong>Intelligente Sicherheit<\/strong> - Integrierte Einbruchmeldeanlage, T\u00fcrzugang, Torzugang, Garagentorsteuerung und CCTV<\/li><li><strong>Audiovisuell<\/strong> - Integration von Multi-Room-Lautsprechern und Heimkino<\/li><\/ul><\/li><\/ul><p>Das Herzst\u00fcck von KNX, <strong style=\"font-size: 16px;\">es ist m\u00f6glich, alles Elektrische oder Mechanische zu kontrollieren <\/strong><span style=\"font-size: 16px;\">Daher ist die obige Liste nur ein kurzer und knapper \u00dcberblick. Jedes Projekt hat seine eigenen Anforderungen, die bei der Entscheidung f\u00fcr die richtige Option f\u00fcr Sie ber\u00fccksichtigt werden m\u00fcssen.<\/span><\/p>\t\t\t\t\t\t\t\t<\/div>\n\t\t\t\t<\/div>\n\t\t\t\t<\/div>\n\t\t\t\t\t<\/div>\n\t\t\t\t<\/div>\n\t\t<div class=\"elementor-element elementor-element-9820e2a e-flex e-con-boxed e-con e-parent\" data-id=\"9820e2a\" data-element_type=\"container\" data-e-type=\"container\">\n\t\t\t\t\t<div class=\"e-con-inner\">\n\t\t<div class=\"elementor-element elementor-element-d854353 e-flex e-con-boxed e-con e-child\" data-id=\"d854353\" data-element_type=\"container\" data-e-type=\"container\" data-settings=\"{&quot;background_background&quot;:&quot;classic&quot;}\">\n\t\t\t\t\t<div class=\"e-con-inner\">\n\t\t\t\t\t<\/div>\n\t\t\t\t<\/div>\n\t\t\t\t\t<\/div>\n\t\t\t\t<\/div>\n\t\t<div class=\"elementor-element elementor-element-37d798d e-flex e-con-boxed e-con e-parent\" data-id=\"37d798d\" data-element_type=\"container\" data-e-type=\"container\">\n\t\t\t\t\t<div class=\"e-con-inner\">\n\t\t<div class=\"elementor-element elementor-element-eee4352 e-con-full e-flex e-con e-child\" data-id=\"eee4352\" data-element_type=\"container\" data-e-type=\"container\" data-settings=\"{&quot;background_background&quot;:&quot;classic&quot;}\">\n\t\t\t\t<div class=\"elementor-element elementor-element-7927855 elementor-widget-divider--view-line elementor-widget elementor-widget-divider\" data-id=\"7927855\" data-element_type=\"widget\" data-e-type=\"widget\" data-widget_type=\"divider.default\">\n\t\t\t\t<div class=\"elementor-widget-container\">\n\t\t\t\t\t\t\t<div class=\"elementor-divider\">\n\t\t\t<span class=\"elementor-divider-separator\">\n\t\t\t\t\t\t<\/span>\n\t\t<\/div>\n\t\t\t\t\t\t<\/div>\n\t\t\t\t<\/div>\n\t\t\t\t<div class=\"elementor-element elementor-element-15f7107 elementor-widget elementor-widget-text-editor\" data-id=\"15f7107\" data-element_type=\"widget\" data-e-type=\"widget\" data-widget_type=\"text-editor.default\">\n\t\t\t\t<div class=\"elementor-widget-container\">\n\t\t\t\t\t\t\t\t\tWarum brauchen Sie schlie\u00dflich ein Smart Home? Moderne Geb\u00e4ude werden immer komplexer und herk\u00f6mmliche Steuerungsmethoden k\u00f6nnen den Anforderungen nicht mehr gerecht werden. Einige der wichtigsten Beispiele sind:\n<ul>\n \t<li>Steigende Energiekosten erfordern kreative L\u00f6sungen zur Senkung des Verbrauchs, so die <strong>Automatisierung der Beleuchtung<\/strong> ist einer der wichtigsten Bereiche, die automatisiert werden m\u00fcssen.<\/li>\n \t<li>W\u00e4rmepumpen k\u00f6nnen ohne ein Steuersystem zur Regulierung der Wassertemperatur, das eine ausreichende W\u00e4rmeversorgung des Geb\u00e4udes gew\u00e4hrleistet, nicht betrieben werden. Ebenso kann eine \u00dcberhitzung der UFH zu Sch\u00e4den an den Bodenbel\u00e4gen f\u00fchren.<\/li>\n \t<li>Viele Hersteller haben eine App f\u00fcr ihre Hardware, was ein Dutzend Apps zur Steuerung Ihrer Immobilie bedeuten kann, w\u00e4hrend KNX Ihnen <strong>Kontrolle unter 1 App<\/strong>.<\/li>\n \t<li>\u00dcberhitzung ist eines der gr\u00f6\u00dften Probleme in modernen H\u00e4usern. Ein automatischer Sonnenschutz kann die Sonneneinstrahlung reduzieren und Energieverschwendung bei der K\u00fchlung verhindern.<\/li>\n<\/ul>\nWir haben volles Verst\u00e4ndnis f\u00fcr die Komplexit\u00e4t, die mit der Auswahl einer Smart Home-L\u00f6sung einhergeht, und m\u00f6chten Sie ermutigen, sich mit uns in Verbindung zu setzen, um ein <strong>kostenlose Beratung<\/strong>. Wir sind <strong>Experten auf unserem Gebiet<\/strong> mit Ingenieuren in ganz Irland und im Vereinigten K\u00f6nigreich, die in der Lage sind, Ihre Anfrage vom Konzept zur Realit\u00e4t zu f\u00fchren.\t\t\t\t\t\t\t\t<\/div>\n\t\t\t\t<\/div>\n\t\t\t\t<\/div>\n\t\t\t\t\t<\/div>\n\t\t\t\t<\/div>\n\t\t<div class=\"elementor-element elementor-element-0bc9f48 e-flex e-con-boxed e-con e-parent\" data-id=\"0bc9f48\" data-element_type=\"container\" data-e-type=\"container\">\n\t\t\t\t\t<div class=\"e-con-inner\">\n\t\t<div class=\"elementor-element elementor-element-4177dfa e-flex e-con-boxed e-con e-child\" data-id=\"4177dfa\" data-element_type=\"container\" data-e-type=\"container\" data-settings=\"{&quot;background_background&quot;:&quot;classic&quot;}\">\n\t\t\t\t\t<div class=\"e-con-inner\">\n\t\t\t\t\t<\/div>\n\t\t\t\t<\/div>\n\t\t\t\t\t<\/div>\n\t\t\t\t<\/div>\n\t\t<div class=\"elementor-element elementor-element-d33b9ae e-flex e-con-boxed e-con e-parent\" data-id=\"d33b9ae\" data-element_type=\"container\" data-e-type=\"container\">\n\t\t\t\t\t<div class=\"e-con-inner\">\n\t\t<div class=\"elementor-element elementor-element-2ff11c4 e-con-full e-flex e-con e-child\" data-id=\"2ff11c4\" data-element_type=\"container\" data-e-type=\"container\" data-settings=\"{&quot;background_background&quot;:&quot;classic&quot;}\">\n\t\t\t\t<div class=\"elementor-element elementor-element-d7b27c6 elementor-widget elementor-widget-heading\" data-id=\"d7b27c6\" data-element_type=\"widget\" data-e-type=\"widget\" data-widget_type=\"heading.default\">\n\t\t\t\t<div class=\"elementor-widget-container\">\n\t\t\t\t\t<h2 class=\"elementor-heading-title elementor-size-default\">Mit welchen Kosten muss ich rechnen, wenn ich professionelle Smart Home-L\u00f6sungen in Betracht ziehe?<\/h2>\t\t\t\t<\/div>\n\t\t\t\t<\/div>\n\t\t\t\t<div class=\"elementor-element elementor-element-c420872 elementor-widget elementor-widget-text-editor\" data-id=\"c420872\" data-element_type=\"widget\" data-e-type=\"widget\" data-widget_type=\"text-editor.default\">\n\t\t\t\t<div class=\"elementor-widget-container\">\n\t\t\t\t\t\t\t\t\t<p>Obwohl wir alle Budgets bedienen, ist es wichtig, die Erwartungen zu steuern, um Ihre Ziele innerhalb Ihres Budgets zu erreichen. Als Faustregel sollten Sie 5-10% Ihrer Baukosten (oder Ihres Immobilienwertes) f\u00fcr eine ma\u00dfgeschneiderte Hausautomatisierungsl\u00f6sung f\u00fcr Beleuchtung, Klima, Beschattung und Sicherheit einplanen.<\/p>\t\t\t\t\t\t\t\t<\/div>\n\t\t\t\t<\/div>\n\t\t<div class=\"elementor-element elementor-element-336f9cc e-con-full e-flex e-con e-child\" data-id=\"336f9cc\" data-element_type=\"container\" data-e-type=\"container\">\n\t\t\t\t<div class=\"elementor-element elementor-element-783f505 elementor-align-left elementor-widget__width-initial elementor-widget elementor-widget-button\" data-id=\"783f505\" data-element_type=\"widget\" data-e-type=\"widget\" data-widget_type=\"button.default\">\n\t\t\t\t<div class=\"elementor-widget-container\">\n\t\t\t\t\t\t\t\t\t<div class=\"elementor-button-wrapper\">\n\t\t\t\t\t<a class=\"elementor-button elementor-button-link elementor-size-xl\" href=\"https:\/\/codax-int.com\/wp-content\/uploads\/2025\/04\/Codax_Int_SmartHomes_Englisch_v2.pdf\" target=\"_blank\">\n\t\t\t\t\t\t<span class=\"elementor-button-content-wrapper\">\n\t\t\t\t\t\t<span class=\"elementor-button-icon\">\n\t\t\t\t<i aria-hidden=\"true\" class=\"far fa-arrow-alt-circle-right\"><\/i>\t\t\t<\/span>\n\t\t\t\t\t\t\t\t\t<span class=\"elementor-button-text\">BROSCH\u00dcRE HERUNTERLADEN: Englisch<\/span>\n\t\t\t\t\t<\/span>\n\t\t\t\t\t<\/a>\n\t\t\t\t<\/div>\n\t\t\t\t\t\t\t\t<\/div>\n\t\t\t\t<\/div>\n\t\t\t\t<div class=\"elementor-element elementor-element-a2a5789 elementor-widget__width-initial elementor-widget elementor-widget-button\" data-id=\"a2a5789\" data-element_type=\"widget\" data-e-type=\"widget\" data-widget_type=\"button.default\">\n\t\t\t\t<div class=\"elementor-widget-container\">\n\t\t\t\t\t\t\t\t\t<div class=\"elementor-button-wrapper\">\n\t\t\t\t\t<a class=\"elementor-button elementor-button-link elementor-size-xl\" href=\"https:\/\/codax-int.com\/wp-content\/uploads\/2025\/04\/Codax_Int_SmartHomes_Espanol_v2.pdf\" target=\"_blank\">\n\t\t\t\t\t\t<span class=\"elementor-button-content-wrapper\">\n\t\t\t\t\t\t<span class=\"elementor-button-icon\">\n\t\t\t\t<i aria-hidden=\"true\" class=\"far fa-arrow-alt-circle-right\"><\/i>\t\t\t<\/span>\n\t\t\t\t\t\t\t\t\t<span class=\"elementor-button-text\">BROSCH\u00dcRE HERUNTERLADEN: Spanisch<\/span>\n\t\t\t\t\t<\/span>\n\t\t\t\t\t<\/a>\n\t\t\t\t<\/div>\n\t\t\t\t\t\t\t\t<\/div>\n\t\t\t\t<\/div>\n\t\t\t\t<\/div>\n\t\t\t\t<\/div>\n\t\t<div class=\"elementor-element elementor-element-59696e4 e-con-full e-flex e-con e-child\" data-id=\"59696e4\" data-element_type=\"container\" data-e-type=\"container\">\n\t\t\t\t<\/div>\n\t\t\t\t\t<\/div>\n\t\t\t\t<\/div>\n\t\t<div class=\"elementor-element elementor-element-0031b4a e-flex e-con-boxed e-con e-parent\" data-id=\"0031b4a\" data-element_type=\"container\" data-e-type=\"container\">\n\t\t\t\t\t<div class=\"e-con-inner\">\n\t\t<div class=\"elementor-element elementor-element-62a0792 e-con-full e-flex e-con e-child\" data-id=\"62a0792\" data-element_type=\"container\" data-e-type=\"container\" data-settings=\"{&quot;background_background&quot;:&quot;classic&quot;}\">\n\t\t\t\t<div class=\"elementor-element elementor-element-f0a3a24 elementor-widget-divider--view-line elementor-widget elementor-widget-divider\" data-id=\"f0a3a24\" data-element_type=\"widget\" data-e-type=\"widget\" data-widget_type=\"divider.default\">\n\t\t\t\t<div class=\"elementor-widget-container\">\n\t\t\t\t\t\t\t<div class=\"elementor-divider\">\n\t\t\t<span class=\"elementor-divider-separator\">\n\t\t\t\t\t\t<\/span>\n\t\t<\/div>\n\t\t\t\t\t\t<\/div>\n\t\t\t\t<\/div>\n\t\t\t\t<div class=\"elementor-element elementor-element-86d0ebb elementor-widget elementor-widget-heading\" data-id=\"86d0ebb\" data-element_type=\"widget\" data-e-type=\"widget\" data-widget_type=\"heading.default\">\n\t\t\t\t<div class=\"elementor-widget-container\">\n\t\t\t\t\t<h2 class=\"elementor-heading-title elementor-size-default\">Entwerfen wir Ihre L\u00f6sung<\/h2>\t\t\t\t<\/div>\n\t\t\t\t<\/div>\n\t\t\t\t<div class=\"elementor-element elementor-element-796d34e elementor-widget elementor-widget-text-editor\" data-id=\"796d34e\" data-element_type=\"widget\" data-e-type=\"widget\" data-widget_type=\"text-editor.default\">\n\t\t\t\t<div class=\"elementor-widget-container\">\n\t\t\t\t\t\t\t\t\t<p>Wir liefern nicht nur Ger\u00e4te, wir entwickeln auch die <strong>smartes Erlebnis rund um Ihr Zuhause<\/strong>:<\/p><p>\u00a0<\/p><ol><li style=\"list-style-type: none;\"><ol><li><p><strong>Bewertung:<\/strong> Wir \u00fcberpr\u00fcfen Ihre Beleuchtungs-, Klima-, Beschattungs- und Netzinfrastruktur.<\/p><\/li><li><p><strong>Entwurf:<\/strong> Wir erstellen eine auf Ihren Lebensstil zugeschnittene KNX-Anlage, die Komfort, Energieeffizienz und \u00c4sthetik vereint.<\/p><\/li><li><p><strong>Integration:<\/strong> Beleuchtung, HLK, Sicherheit, Audio und Zugang, alles nahtlos in einem intelligenten System verbunden.<\/p><\/li><li><p><strong>Einbau:<\/strong> Professionelle Einrichtung mit pr\u00e4ziser Programmierung und Anpassung der Benutzeroberfl\u00e4che.<\/p><\/li><li><p><strong>Unterst\u00fctzung:<\/strong> Kontinuierlicher Service, Aktualisierungen und zuk\u00fcnftige Erweiterungen je nach Ihren Bed\u00fcrfnissen.<\/p><\/li><\/ol><\/li><\/ol><p>Nehmen Sie noch heute Kontakt mit uns auf und besprechen Sie Ihr <strong>KNX Smart Home Projekt<\/strong>.<br \/>Schicken Sie uns Ihre architektonischen Pl\u00e4ne oder eine kurze Beschreibung Ihres Hauses, und wir werden ein individuelles Konzept erstellen, das Ihren Vorstellungen entspricht.<\/p>\t\t\t\t\t\t\t\t<\/div>\n\t\t\t\t<\/div>\n\t\t<div class=\"elementor-element elementor-element-1209759 e-con-full e-flex e-con e-child\" data-id=\"1209759\" data-element_type=\"container\" data-e-type=\"container\">\n\t\t\t\t<div class=\"elementor-element elementor-element-97d298a elementor-align-left elementor-widget__width-initial elementor-widget elementor-widget-button\" data-id=\"97d298a\" data-element_type=\"widget\" data-e-type=\"widget\" data-widget_type=\"button.default\">\n\t\t\t\t<div class=\"elementor-widget-container\">\n\t\t\t\t\t\t\t\t\t<div class=\"elementor-button-wrapper\">\n\t\t\t\t\t<a class=\"elementor-button elementor-button-link elementor-size-xl\" href=\"https:\/\/codax-int.com\/de\/kontakt\/\" target=\"_blank\">\n\t\t\t\t\t\t<span class=\"elementor-button-content-wrapper\">\n\t\t\t\t\t\t\t\t\t<span class=\"elementor-button-text\">Fragen Sie uns alles<\/span>\n\t\t\t\t\t<\/span>\n\t\t\t\t\t<\/a>\n\t\t\t\t<\/div>\n\t\t\t\t\t\t\t\t<\/div>\n\t\t\t\t<\/div>\n\t\t\t\t<\/div>\n\t\t\t\t<\/div>\n\t\t\t\t\t<\/div>\n\t\t\t\t<\/div>\n\t\t\t\t<\/div>","protected":false},"excerpt":{"rendered":"<p>Private residence Private residence With so many Smart Home Systems and products on market, it can be difficult to understand why you should be considering Smart Home and which system to choose. Smart Home, or more relevant, home automation systems, are more than having the ability to control your home from your phone. Truly smart [&hellip;]<\/p>\n","protected":false},"author":1,"featured_media":0,"parent":0,"menu_order":0,"comment_status":"closed","ping_status":"closed","template":"","meta":{"inline_featured_image":false,"site-sidebar-layout":"no-sidebar","site-content-layout":"page-builder","ast-site-content-layout":"default","site-content-style":"default","site-sidebar-style":"default","ast-global-header-display":"","ast-banner-title-visibility":"","ast-main-header-display":"","ast-hfb-above-header-display":"","ast-hfb-below-header-display":"","ast-hfb-mobile-header-display":"","site-post-title":"disabled","ast-breadcrumbs-content":"","ast-featured-img":"disabled","footer-sml-layout":"","ast-disable-related-posts":"","theme-transparent-header-meta":"enabled","adv-header-id-meta":"","stick-header-meta":"","header-above-stick-meta":"","header-main-stick-meta":"","header-below-stick-meta":"","astra-migrate-meta-layouts":"default","ast-page-background-enabled":"default","ast-page-background-meta":{"desktop":{"background-color":"var(--ast-global-color-4)","background-image":"","background-repeat":"repeat","background-position":"center center","background-size":"auto","background-attachment":"scroll","background-type":"","background-media":"","overlay-type":"","overlay-color":"","overlay-opacity":"","overlay-gradient":""},"tablet":{"background-color":"","background-image":"","background-repeat":"repeat","background-position":"center center","background-size":"auto","background-attachment":"scroll","background-type":"","background-media":"","overlay-type":"","overlay-color":"","overlay-opacity":"","overlay-gradient":""},"mobile":{"background-color":"","background-image":"","background-repeat":"repeat","background-position":"center center","background-size":"auto","background-attachment":"scroll","background-type":"","background-media":"","overlay-type":"","overlay-color":"","overlay-opacity":"","overlay-gradient":""}},"ast-content-background-meta":{"desktop":{"background-color":"var(--ast-global-color-5)","background-image":"","background-repeat":"repeat","background-position":"center center","background-size":"auto","background-attachment":"scroll","background-type":"","background-media":"","overlay-type":"","overlay-color":"","overlay-opacity":"","overlay-gradient":""},"tablet":{"background-color":"var(--ast-global-color-5)","background-image":"","background-repeat":"repeat","background-position":"center center","background-size":"auto","background-attachment":"scroll","background-type":"","background-media":"","overlay-type":"","overlay-color":"","overlay-opacity":"","overlay-gradient":""},"mobile":{"background-color":"var(--ast-global-color-5)","background-image":"","background-repeat":"repeat","background-position":"center center","background-size":"auto","background-attachment":"scroll","background-type":"","background-media":"","overlay-type":"","overlay-color":"","overlay-opacity":"","overlay-gradient":""}},"footnotes":""},"class_list":["post-3091","page","type-page","status-publish","hentry"],"_links":{"self":[{"href":"https:\/\/codax-int.com\/de\/wp-json\/wp\/v2\/pages\/3091","targetHints":{"allow":["GET"]}}],"collection":[{"href":"https:\/\/codax-int.com\/de\/wp-json\/wp\/v2\/pages"}],"about":[{"href":"https:\/\/codax-int.com\/de\/wp-json\/wp\/v2\/types\/page"}],"author":[{"embeddable":true,"href":"https:\/\/codax-int.com\/de\/wp-json\/wp\/v2\/users\/1"}],"replies":[{"embeddable":true,"href":"https:\/\/codax-int.com\/de\/wp-json\/wp\/v2\/comments?post=3091"}],"version-history":[{"count":43,"href":"https:\/\/codax-int.com\/de\/wp-json\/wp\/v2\/pages\/3091\/revisions"}],"predecessor-version":[{"id":3751,"href":"https:\/\/codax-int.com\/de\/wp-json\/wp\/v2\/pages\/3091\/revisions\/3751"}],"wp:attachment":[{"href":"https:\/\/codax-int.com\/de\/wp-json\/wp\/v2\/media?parent=3091"}],"curies":[{"name":"wp","href":"https:\/\/api.w.org\/{rel}","templated":true}]}}