{"id":3091,"date":"2025-04-23T15:31:04","date_gmt":"2025-04-23T20:31:04","guid":{"rendered":"https:\/\/codax-int.com\/?page_id=3091"},"modified":"2025-11-24T22:11:02","modified_gmt":"2025-11-25T03:11:02","slug":"residencia-privada","status":"publish","type":"page","link":"https:\/\/codax-int.com\/es\/private-residence\/","title":{"rendered":"Residencia privada"},"content":{"rendered":"<div data-elementor-type=\"wp-page\" data-elementor-id=\"3091\" class=\"elementor elementor-3091\" data-elementor-post-type=\"page\">\n\t\t\t\t<div class=\"elementor-element elementor-element-7f20ab1 e-flex e-con-boxed e-con e-parent\" data-id=\"7f20ab1\" data-element_type=\"container\" data-e-type=\"container\">\n\t\t\t\t\t<div class=\"e-con-inner\">\n\t\t<div class=\"elementor-element elementor-element-6cdad54 e-flex e-con-boxed e-con e-child\" data-id=\"6cdad54\" data-element_type=\"container\" data-e-type=\"container\" data-settings=\"{&quot;background_background&quot;:&quot;classic&quot;}\">\n\t\t\t\t\t<div class=\"e-con-inner\">\n\t\t\t\t<div class=\"elementor-element elementor-element-864098b elementor-widget elementor-widget-heading\" data-id=\"864098b\" data-element_type=\"widget\" data-e-type=\"widget\" data-widget_type=\"heading.default\">\n\t\t\t\t<div class=\"elementor-widget-container\">\n\t\t\t\t\t<h1 class=\"elementor-heading-title elementor-size-default\">Residencia privada<\/h1>\t\t\t\t<\/div>\n\t\t\t\t<\/div>\n\t\t\t\t\t<\/div>\n\t\t\t\t<\/div>\n\t\t\t\t\t<\/div>\n\t\t\t\t<\/div>\n\t\t<div class=\"elementor-element elementor-element-d5fb63b e-flex e-con-boxed e-con e-parent\" data-id=\"d5fb63b\" data-element_type=\"container\" data-e-type=\"container\">\n\t\t\t\t\t<div class=\"e-con-inner\">\n\t\t<div class=\"elementor-element elementor-element-1e080db e-con-full e-flex e-con e-child\" data-id=\"1e080db\" data-element_type=\"container\" data-e-type=\"container\" data-settings=\"{&quot;background_background&quot;:&quot;classic&quot;}\">\n\t\t\t\t<div class=\"elementor-element elementor-element-48189f4 elementor-widget-divider--view-line elementor-widget elementor-widget-divider\" data-id=\"48189f4\" data-element_type=\"widget\" data-e-type=\"widget\" data-widget_type=\"divider.default\">\n\t\t\t\t<div class=\"elementor-widget-container\">\n\t\t\t\t\t\t\t<div class=\"elementor-divider\">\n\t\t\t<span class=\"elementor-divider-separator\">\n\t\t\t\t\t\t<\/span>\n\t\t<\/div>\n\t\t\t\t\t\t<\/div>\n\t\t\t\t<\/div>\n\t\t\t\t<div class=\"elementor-element elementor-element-2e5c071 elementor-widget elementor-widget-heading\" data-id=\"2e5c071\" data-element_type=\"widget\" data-e-type=\"widget\" data-widget_type=\"heading.default\">\n\t\t\t\t<div class=\"elementor-widget-container\">\n\t\t\t\t\t<h2 class=\"elementor-heading-title elementor-size-default\">Residencia privada<\/h2>\t\t\t\t<\/div>\n\t\t\t\t<\/div>\n\t\t\t\t<div class=\"elementor-element elementor-element-acab608 elementor-widget elementor-widget-text-editor\" data-id=\"acab608\" data-element_type=\"widget\" data-e-type=\"widget\" data-widget_type=\"text-editor.default\">\n\t\t\t\t<div class=\"elementor-widget-container\">\n\t\t\t\t\t\t\t\t\t<p>Con tantos <strong>Sistemas dom\u00e9sticos inteligentes <\/strong>y productos en el mercado, puede resultar dif\u00edcil entender por qu\u00e9 deber\u00eda plantearse Smart Home y qu\u00e9 sistema elegir.<\/p><p>Smart Home, o m\u00e1s relevante, <strong>sistemas de dom\u00f3tica<\/strong>son algo m\u00e1s que la posibilidad de controlar la casa desde el tel\u00e9fono. Las casas verdaderamente inteligentes ofrecen capas de automatizaci\u00f3n que no s\u00f3lo ahorran energ\u00eda, sino que hacen que el entorno sea m\u00e1s confortable. Algunos ejemplos:<\/p><p>\u00a0<\/p><ul><li>Detecci\u00f3n de movimiento en pasillos y ba\u00f1os<\/li><li>Hacer que la calefacci\u00f3n responda a factores externos, como un d\u00eda fr\u00edo o caluroso en particular.<\/li><li>Cerrar persianas\/cortinas para evitar el sobrecalentamiento de la habitaci\u00f3n<\/li><li>Asegurar su casa por la noche \/ cuando est\u00e1 fuera<\/li><\/ul>\t\t\t\t\t\t\t\t<\/div>\n\t\t\t\t<\/div>\n\t\t\t\t<\/div>\n\t\t\t\t\t<\/div>\n\t\t\t\t<\/div>\n\t\t<div class=\"elementor-element elementor-element-d908654 e-flex e-con-boxed e-con e-parent\" data-id=\"d908654\" data-element_type=\"container\" data-e-type=\"container\">\n\t\t\t\t\t<div class=\"e-con-inner\">\n\t\t<div class=\"elementor-element elementor-element-b6f251e e-flex e-con-boxed e-con e-child\" data-id=\"b6f251e\" data-element_type=\"container\" data-e-type=\"container\" data-settings=\"{&quot;background_background&quot;:&quot;classic&quot;}\">\n\t\t\t\t\t<div class=\"e-con-inner\">\n\t\t\t\t\t<\/div>\n\t\t\t\t<\/div>\n\t\t\t\t\t<\/div>\n\t\t\t\t<\/div>\n\t\t<div class=\"elementor-element elementor-element-eddcf2b e-flex e-con-boxed e-con e-parent\" data-id=\"eddcf2b\" data-element_type=\"container\" data-e-type=\"container\">\n\t\t\t\t\t<div class=\"e-con-inner\">\n\t\t<div class=\"elementor-element elementor-element-27cb9c1 e-con-full e-flex e-con e-child\" data-id=\"27cb9c1\" data-element_type=\"container\" data-e-type=\"container\" data-settings=\"{&quot;background_background&quot;:&quot;classic&quot;}\">\n\t\t\t\t<div class=\"elementor-element elementor-element-ed4bb3e elementor-widget-divider--view-line elementor-widget elementor-widget-divider\" data-id=\"ed4bb3e\" data-element_type=\"widget\" data-e-type=\"widget\" data-widget_type=\"divider.default\">\n\t\t\t\t<div class=\"elementor-widget-container\">\n\t\t\t\t\t\t\t<div class=\"elementor-divider\">\n\t\t\t<span class=\"elementor-divider-separator\">\n\t\t\t\t\t\t<\/span>\n\t\t<\/div>\n\t\t\t\t\t\t<\/div>\n\t\t\t\t<\/div>\n\t\t\t\t<div class=\"elementor-element elementor-element-36fb8b4 elementor-widget elementor-widget-text-editor\" data-id=\"36fb8b4\" data-element_type=\"widget\" data-e-type=\"widget\" data-widget_type=\"text-editor.default\">\n\t\t\t\t<div class=\"elementor-widget-container\">\n\t\t\t\t\t\t\t\t\t<p>Nuestra <strong>Soluci\u00f3n Smart Home<\/strong> se basa en el <strong>est\u00e1ndar mundial para la automatizaci\u00f3n de edificios - KNX<\/strong>. El archivo de datos del protocolo KNX es el siguiente:<span style=\"font-style: inherit; text-align: var(--text-align);\">\u00a0<\/span><\/p><ul><li><strong>C\u00f3digo abierto y no propietario<\/strong> lo que significa que nunca estar\u00e1s atado a un fabricante en particular y no depender\u00e1s de que sigan dando soporte al sistema.<\/li><li><strong>M\u00e1s de 8000 productos de m\u00e1s de 500 fabricantes certificados<\/strong> lo que significa que no tiene por qu\u00e9 cambiar estilo por funcionalidad: \u00a1tenga ambos!<\/li><li><strong>Soluci\u00f3n a medida<\/strong> construidos seg\u00fan las necesidades de su vivienda y su familia<\/li><li><strong>Inteligencia descentralizada y compartida <\/strong>lo que significa que no hay un \u00fanico punto de fallo<\/li><li><strong>Por cable<\/strong> lo que significa transmisi\u00f3n de datos garantizada<\/li><li><strong>Ampliamente adoptado<\/strong> con m\u00e1s de 130.000 KNX Partners en todo el mundo<\/li><li><strong>Totalmente compatible con versiones anteriores y posteriores<\/strong> a lo largo de sus 35 a\u00f1os de existencia<\/li><li><strong>Seguro y fiable<\/strong><\/li><\/ul><p>Los beneficios de KNX contrastan con las desventajas de muchos otros sistemas, como los basados en tecnolog\u00edas 'IOT', que est\u00e1n dise\u00f1ados con un ciclo de vida de 3 a\u00f1os en mente. Otras soluciones propietarias dejan a los propietarios de viviendas inteligentes a merced del fabricante y a menudo se ven obligados a costosas actualizaciones del sistema cada 5-10 a\u00f1os. Con KNX, este no es el caso, ya que los sistemas desplegados hace m\u00e1s de 30 a\u00f1os siguen funcionando sin problemas hoy en d\u00eda en el marco KNX.<\/p>\t\t\t\t\t\t\t\t<\/div>\n\t\t\t\t<\/div>\n\t\t\t\t<\/div>\n\t\t\t\t\t<\/div>\n\t\t\t\t<\/div>\n\t\t<div class=\"elementor-element elementor-element-af2d4d4 e-flex e-con-boxed e-con e-parent\" data-id=\"af2d4d4\" data-element_type=\"container\" data-e-type=\"container\">\n\t\t\t\t\t<div class=\"e-con-inner\">\n\t\t<div class=\"elementor-element elementor-element-9310b97 e-flex e-con-boxed e-con e-child\" data-id=\"9310b97\" data-element_type=\"container\" data-e-type=\"container\" data-settings=\"{&quot;background_background&quot;:&quot;classic&quot;}\">\n\t\t\t\t\t<div class=\"e-con-inner\">\n\t\t\t\t\t<\/div>\n\t\t\t\t<\/div>\n\t\t\t\t\t<\/div>\n\t\t\t\t<\/div>\n\t\t<div class=\"elementor-element elementor-element-ffe4144 e-flex e-con-boxed e-con e-parent\" data-id=\"ffe4144\" data-element_type=\"container\" data-e-type=\"container\">\n\t\t\t\t\t<div class=\"e-con-inner\">\n\t\t<div class=\"elementor-element elementor-element-443691b e-con-full e-flex e-con e-child\" data-id=\"443691b\" data-element_type=\"container\" data-e-type=\"container\" data-settings=\"{&quot;background_background&quot;:&quot;classic&quot;}\">\n\t\t\t\t<div class=\"elementor-element elementor-element-28e82f6 elementor-widget-divider--view-line elementor-widget elementor-widget-divider\" data-id=\"28e82f6\" data-element_type=\"widget\" data-e-type=\"widget\" data-widget_type=\"divider.default\">\n\t\t\t\t<div class=\"elementor-widget-container\">\n\t\t\t\t\t\t\t<div class=\"elementor-divider\">\n\t\t\t<span class=\"elementor-divider-separator\">\n\t\t\t\t\t\t<\/span>\n\t\t<\/div>\n\t\t\t\t\t\t<\/div>\n\t\t\t\t<\/div>\n\t\t\t\t<div class=\"elementor-element elementor-element-ae73f2f elementor-widget elementor-widget-text-editor\" data-id=\"ae73f2f\" data-element_type=\"widget\" data-e-type=\"widget\" data-widget_type=\"text-editor.default\">\n\t\t\t\t<div class=\"elementor-widget-container\">\n\t\t\t\t\t\t\t\t\t<p>Adem\u00e1s de los beneficiosos atributos de KNX est\u00e1n los siguientes <strong>funciones de control<\/strong> que incluyen:<\/p><p>\u00a0<\/p><ul><li style=\"list-style-type: none;\"><ul><li><strong>Control inteligente de la iluminaci\u00f3n<\/strong> - Atenuaci\u00f3n suave, ajuste de escenas, automatizaci\u00f3n mediante funciones de movimiento y tiempo<\/li><li><strong>Control inteligente de la calefacci\u00f3n <\/strong>- Calefacci\u00f3n (y refrigeraci\u00f3n) autorregulable para lograr un ciclo PWM eficiente por habitaci\u00f3n utilizando la medici\u00f3n de temperatura del interruptor de la luz y\/o el sensor de techo.<\/li><li><strong>Persianas inteligentes<\/strong> - Automatice o controle manualmente sus cortinas enrollables y venecianas, incluidas las aperturas el\u00e9ctricas<\/li><li><strong>Seguridad inteligente<\/strong> - Alarma de intrusi\u00f3n integrada, acceso a puertas, acceso a portones, control de puertas de garaje y CCTV<\/li><li><strong>Audiovisuales<\/strong> - Integraci\u00f3n de altavoces multiroom y cine en casa<\/li><\/ul><\/li><\/ul><p>En el n\u00facleo fundamental de KNX, <strong style=\"font-size: 16px;\">es posible controlar cualquier cosa el\u00e9ctrica o mec\u00e1nica <\/strong><span style=\"font-size: 16px;\">Por lo tanto, la lista anterior es un breve resumen. Cada proyecto tiene sus propios requisitos, que deben tenerse en cuenta a la hora de elegir la opci\u00f3n m\u00e1s adecuada.<\/span><\/p>\t\t\t\t\t\t\t\t<\/div>\n\t\t\t\t<\/div>\n\t\t\t\t<\/div>\n\t\t\t\t\t<\/div>\n\t\t\t\t<\/div>\n\t\t<div class=\"elementor-element elementor-element-9820e2a e-flex e-con-boxed e-con e-parent\" data-id=\"9820e2a\" data-element_type=\"container\" data-e-type=\"container\">\n\t\t\t\t\t<div class=\"e-con-inner\">\n\t\t<div class=\"elementor-element elementor-element-d854353 e-flex e-con-boxed e-con e-child\" data-id=\"d854353\" data-element_type=\"container\" data-e-type=\"container\" data-settings=\"{&quot;background_background&quot;:&quot;classic&quot;}\">\n\t\t\t\t\t<div class=\"e-con-inner\">\n\t\t\t\t\t<\/div>\n\t\t\t\t<\/div>\n\t\t\t\t\t<\/div>\n\t\t\t\t<\/div>\n\t\t<div class=\"elementor-element elementor-element-37d798d e-flex e-con-boxed e-con e-parent\" data-id=\"37d798d\" data-element_type=\"container\" data-e-type=\"container\">\n\t\t\t\t\t<div class=\"e-con-inner\">\n\t\t<div class=\"elementor-element elementor-element-eee4352 e-con-full e-flex e-con e-child\" data-id=\"eee4352\" data-element_type=\"container\" data-e-type=\"container\" data-settings=\"{&quot;background_background&quot;:&quot;classic&quot;}\">\n\t\t\t\t<div class=\"elementor-element elementor-element-7927855 elementor-widget-divider--view-line elementor-widget elementor-widget-divider\" data-id=\"7927855\" data-element_type=\"widget\" data-e-type=\"widget\" data-widget_type=\"divider.default\">\n\t\t\t\t<div class=\"elementor-widget-container\">\n\t\t\t\t\t\t\t<div class=\"elementor-divider\">\n\t\t\t<span class=\"elementor-divider-separator\">\n\t\t\t\t\t\t<\/span>\n\t\t<\/div>\n\t\t\t\t\t\t<\/div>\n\t\t\t\t<\/div>\n\t\t\t\t<div class=\"elementor-element elementor-element-15f7107 elementor-widget elementor-widget-text-editor\" data-id=\"15f7107\" data-element_type=\"widget\" data-e-type=\"widget\" data-widget_type=\"text-editor.default\">\n\t\t\t\t<div class=\"elementor-widget-container\">\n\t\t\t\t\t\t\t\t\tPor \u00faltimo, \u00bfpor qu\u00e9 necesita una casa inteligente? Los edificios modernos son cada vez m\u00e1s complejos y los m\u00e9todos de control convencionales ya no son capaces de satisfacer la demanda. Algunos de los principales ejemplos son:\n<ul>\n \t<li>El aumento de los costes de la energ\u00eda exige soluciones creativas para reducir el consumo. <strong>automatizaci\u00f3n del alumbrado<\/strong> es una de las principales \u00e1reas que hay que automatizar.<\/li>\n \t<li>Las bombas de calor no pueden funcionar en ausencia de un sistema de control que regule la temperatura del agua y garantice un aporte de calor suficiente a la vivienda. Asimismo, el sobrecalentamiento de la UFH puede da\u00f1ar los acabados del suelo.<\/li>\n \t<li>Muchos fabricantes tienen una aplicaci\u00f3n para su hardware, lo que puede significar una docena de aplicaciones para controlar su propiedad, mientras que KNX le proporciona <strong>control en 1 App<\/strong>.<\/li>\n \t<li>El sobrecalentamiento es uno de los mayores problemas de las casas modernas, por lo que a\u00f1adir sombreado autom\u00e1tico puede reducir la ganancia solar y evitar el derroche de energ\u00eda en refrigeraci\u00f3n.<\/li>\n<\/ul>\nEntendemos perfectamente las complejidades de iniciar el proceso de selecci\u00f3n de una soluci\u00f3n dom\u00e9stica inteligente y le animamos a que se ponga en contacto con nosotros para que le asesoremos. <strong>consulta gratuita<\/strong>. Somos <strong>expertos en nuestro campo<\/strong> con ingenieros repartidos por Irlanda y el Reino Unido capaces de llevar su solicitud del concepto a la realidad.\t\t\t\t\t\t\t\t<\/div>\n\t\t\t\t<\/div>\n\t\t\t\t<\/div>\n\t\t\t\t\t<\/div>\n\t\t\t\t<\/div>\n\t\t<div class=\"elementor-element elementor-element-0bc9f48 e-flex e-con-boxed e-con e-parent\" data-id=\"0bc9f48\" data-element_type=\"container\" data-e-type=\"container\">\n\t\t\t\t\t<div class=\"e-con-inner\">\n\t\t<div class=\"elementor-element elementor-element-4177dfa e-flex e-con-boxed e-con e-child\" data-id=\"4177dfa\" data-element_type=\"container\" data-e-type=\"container\" data-settings=\"{&quot;background_background&quot;:&quot;classic&quot;}\">\n\t\t\t\t\t<div class=\"e-con-inner\">\n\t\t\t\t\t<\/div>\n\t\t\t\t<\/div>\n\t\t\t\t\t<\/div>\n\t\t\t\t<\/div>\n\t\t<div class=\"elementor-element elementor-element-d33b9ae e-flex e-con-boxed e-con e-parent\" data-id=\"d33b9ae\" data-element_type=\"container\" data-e-type=\"container\">\n\t\t\t\t\t<div class=\"e-con-inner\">\n\t\t<div class=\"elementor-element elementor-element-2ff11c4 e-con-full e-flex e-con e-child\" data-id=\"2ff11c4\" data-element_type=\"container\" data-e-type=\"container\" data-settings=\"{&quot;background_background&quot;:&quot;classic&quot;}\">\n\t\t\t\t<div class=\"elementor-element elementor-element-d7b27c6 elementor-widget elementor-widget-heading\" data-id=\"d7b27c6\" data-element_type=\"widget\" data-e-type=\"widget\" data-widget_type=\"heading.default\">\n\t\t\t\t<div class=\"elementor-widget-container\">\n\t\t\t\t\t<h2 class=\"elementor-heading-title elementor-size-default\">\u00bfCu\u00e1l es el coste de las soluciones profesionales Smart Home?<\/h2>\t\t\t\t<\/div>\n\t\t\t\t<\/div>\n\t\t\t\t<div class=\"elementor-element elementor-element-c420872 elementor-widget elementor-widget-text-editor\" data-id=\"c420872\" data-element_type=\"widget\" data-e-type=\"widget\" data-widget_type=\"text-editor.default\">\n\t\t\t\t<div class=\"elementor-widget-container\">\n\t\t\t\t\t\t\t\t\t<p>Aunque nos adaptamos a todos los presupuestos, es importante gestionar las expectativas para alcanzar sus objetivos dentro de su presupuesto. Como regla general, debe presupuestar entre 5 y 10% del coste de construcci\u00f3n (o del valor de la propiedad) para una soluci\u00f3n de dom\u00f3tica a medida que incluya iluminaci\u00f3n, climatizaci\u00f3n, sombreado y seguridad.<\/p>\t\t\t\t\t\t\t\t<\/div>\n\t\t\t\t<\/div>\n\t\t<div class=\"elementor-element elementor-element-336f9cc e-con-full e-flex e-con e-child\" data-id=\"336f9cc\" data-element_type=\"container\" data-e-type=\"container\">\n\t\t\t\t<div class=\"elementor-element elementor-element-783f505 elementor-align-left elementor-widget__width-initial elementor-widget elementor-widget-button\" data-id=\"783f505\" data-element_type=\"widget\" data-e-type=\"widget\" data-widget_type=\"button.default\">\n\t\t\t\t<div class=\"elementor-widget-container\">\n\t\t\t\t\t\t\t\t\t<div class=\"elementor-button-wrapper\">\n\t\t\t\t\t<a class=\"elementor-button elementor-button-link elementor-size-xl\" href=\"https:\/\/codax-int.com\/wp-content\/uploads\/2025\/04\/Codax_Int_SmartHomes_Englisch_v2.pdf\" target=\"_blank\">\n\t\t\t\t\t\t<span class=\"elementor-button-content-wrapper\">\n\t\t\t\t\t\t<span class=\"elementor-button-icon\">\n\t\t\t\t<i aria-hidden=\"true\" class=\"far fa-arrow-alt-circle-right\"><\/i>\t\t\t<\/span>\n\t\t\t\t\t\t\t\t\t<span class=\"elementor-button-text\">DESCARGAR FOLLETO: Ingl\u00e9s<\/span>\n\t\t\t\t\t<\/span>\n\t\t\t\t\t<\/a>\n\t\t\t\t<\/div>\n\t\t\t\t\t\t\t\t<\/div>\n\t\t\t\t<\/div>\n\t\t\t\t<div class=\"elementor-element elementor-element-a2a5789 elementor-widget__width-initial elementor-widget elementor-widget-button\" data-id=\"a2a5789\" data-element_type=\"widget\" data-e-type=\"widget\" data-widget_type=\"button.default\">\n\t\t\t\t<div class=\"elementor-widget-container\">\n\t\t\t\t\t\t\t\t\t<div class=\"elementor-button-wrapper\">\n\t\t\t\t\t<a class=\"elementor-button elementor-button-link elementor-size-xl\" href=\"https:\/\/codax-int.com\/wp-content\/uploads\/2025\/04\/Codax_Int_SmartHomes_Espanol_v2.pdf\" target=\"_blank\">\n\t\t\t\t\t\t<span class=\"elementor-button-content-wrapper\">\n\t\t\t\t\t\t<span class=\"elementor-button-icon\">\n\t\t\t\t<i aria-hidden=\"true\" class=\"far fa-arrow-alt-circle-right\"><\/i>\t\t\t<\/span>\n\t\t\t\t\t\t\t\t\t<span class=\"elementor-button-text\">DESCARGAR FOLLETO: Espa\u00f1ol<\/span>\n\t\t\t\t\t<\/span>\n\t\t\t\t\t<\/a>\n\t\t\t\t<\/div>\n\t\t\t\t\t\t\t\t<\/div>\n\t\t\t\t<\/div>\n\t\t\t\t<\/div>\n\t\t\t\t<\/div>\n\t\t<div class=\"elementor-element elementor-element-59696e4 e-con-full e-flex e-con e-child\" data-id=\"59696e4\" data-element_type=\"container\" data-e-type=\"container\">\n\t\t\t\t<\/div>\n\t\t\t\t\t<\/div>\n\t\t\t\t<\/div>\n\t\t<div class=\"elementor-element elementor-element-0031b4a e-flex e-con-boxed e-con e-parent\" data-id=\"0031b4a\" data-element_type=\"container\" data-e-type=\"container\">\n\t\t\t\t\t<div class=\"e-con-inner\">\n\t\t<div class=\"elementor-element elementor-element-62a0792 e-con-full e-flex e-con e-child\" data-id=\"62a0792\" data-element_type=\"container\" data-e-type=\"container\" data-settings=\"{&quot;background_background&quot;:&quot;classic&quot;}\">\n\t\t\t\t<div class=\"elementor-element elementor-element-f0a3a24 elementor-widget-divider--view-line elementor-widget elementor-widget-divider\" data-id=\"f0a3a24\" data-element_type=\"widget\" data-e-type=\"widget\" data-widget_type=\"divider.default\">\n\t\t\t\t<div class=\"elementor-widget-container\">\n\t\t\t\t\t\t\t<div class=\"elementor-divider\">\n\t\t\t<span class=\"elementor-divider-separator\">\n\t\t\t\t\t\t<\/span>\n\t\t<\/div>\n\t\t\t\t\t\t<\/div>\n\t\t\t\t<\/div>\n\t\t\t\t<div class=\"elementor-element elementor-element-86d0ebb elementor-widget elementor-widget-heading\" data-id=\"86d0ebb\" data-element_type=\"widget\" data-e-type=\"widget\" data-widget_type=\"heading.default\">\n\t\t\t\t<div class=\"elementor-widget-container\">\n\t\t\t\t\t<h2 class=\"elementor-heading-title elementor-size-default\">Dise\u00f1emos su soluci\u00f3n<\/h2>\t\t\t\t<\/div>\n\t\t\t\t<\/div>\n\t\t\t\t<div class=\"elementor-element elementor-element-796d34e elementor-widget elementor-widget-text-editor\" data-id=\"796d34e\" data-element_type=\"widget\" data-e-type=\"widget\" data-widget_type=\"text-editor.default\">\n\t\t\t\t<div class=\"elementor-widget-container\">\n\t\t\t\t\t\t\t\t\t<p>No nos limitamos a suministrar dispositivos, dise\u00f1amos los <strong>experiencia inteligente en su hogar<\/strong>:<\/p><p>\u00a0<\/p><ol><li style=\"list-style-type: none;\"><ol><li><p><strong>Evaluaci\u00f3n:<\/strong> Revisamos su infraestructura de iluminaci\u00f3n, clima, sombreado y redes.<\/p><\/li><li><p><strong>Dise\u00f1o:<\/strong> Creamos un dise\u00f1o KNX adaptado a su estilo de vida, integrando confort, eficiencia energ\u00e9tica y est\u00e9tica.<\/p><\/li><li><p><strong>Integraci\u00f3n:<\/strong> Iluminaci\u00f3n, climatizaci\u00f3n, seguridad, audio y acceso, todo perfectamente conectado en un sistema inteligente.<\/p><\/li><li><p><strong>Instalaci\u00f3n:<\/strong> Configuraci\u00f3n profesional con programaci\u00f3n de precisi\u00f3n y personalizaci\u00f3n de la interfaz de usuario.<\/p><\/li><li><p><strong>Apoyo:<\/strong> Servicio continuo, actualizaciones y futuras ampliaciones a medida que evolucionen sus necesidades.<\/p><\/li><\/ol><\/li><\/ol><p>P\u00f3ngase en contacto con nosotros <strong>Proyecto de casa inteligente KNX<\/strong>.<br \/>Env\u00edenos sus planos arquitect\u00f3nicos o una breve descripci\u00f3n de su residencia y prepararemos un concepto personalizado que se ajuste a su visi\u00f3n.<\/p>\t\t\t\t\t\t\t\t<\/div>\n\t\t\t\t<\/div>\n\t\t<div class=\"elementor-element elementor-element-1209759 e-con-full e-flex e-con e-child\" data-id=\"1209759\" data-element_type=\"container\" data-e-type=\"container\">\n\t\t\t\t<div class=\"elementor-element elementor-element-97d298a elementor-align-left elementor-widget__width-initial elementor-widget elementor-widget-button\" data-id=\"97d298a\" data-element_type=\"widget\" data-e-type=\"widget\" data-widget_type=\"button.default\">\n\t\t\t\t<div class=\"elementor-widget-container\">\n\t\t\t\t\t\t\t\t\t<div class=\"elementor-button-wrapper\">\n\t\t\t\t\t<a class=\"elementor-button elementor-button-link elementor-size-xl\" href=\"https:\/\/codax-int.com\/es\/pongase-en-contacto-con\/\" target=\"_blank\">\n\t\t\t\t\t\t<span class=\"elementor-button-content-wrapper\">\n\t\t\t\t\t\t\t\t\t<span class=\"elementor-button-text\">Preg\u00fantanos lo que quieras<\/span>\n\t\t\t\t\t<\/span>\n\t\t\t\t\t<\/a>\n\t\t\t\t<\/div>\n\t\t\t\t\t\t\t\t<\/div>\n\t\t\t\t<\/div>\n\t\t\t\t<\/div>\n\t\t\t\t<\/div>\n\t\t\t\t\t<\/div>\n\t\t\t\t<\/div>\n\t\t\t\t<\/div>","protected":false},"excerpt":{"rendered":"<p>Private residence Private residence With so many Smart Home Systems and products on market, it can be difficult to understand why you should be considering Smart Home and which system to choose. Smart Home, or more relevant, home automation systems, are more than having the ability to control your home from your phone. Truly smart [&hellip;]<\/p>\n","protected":false},"author":1,"featured_media":0,"parent":0,"menu_order":0,"comment_status":"closed","ping_status":"closed","template":"","meta":{"inline_featured_image":false,"site-sidebar-layout":"no-sidebar","site-content-layout":"page-builder","ast-site-content-layout":"default","site-content-style":"default","site-sidebar-style":"default","ast-global-header-display":"","ast-banner-title-visibility":"","ast-main-header-display":"","ast-hfb-above-header-display":"","ast-hfb-below-header-display":"","ast-hfb-mobile-header-display":"","site-post-title":"disabled","ast-breadcrumbs-content":"","ast-featured-img":"disabled","footer-sml-layout":"","ast-disable-related-posts":"","theme-transparent-header-meta":"enabled","adv-header-id-meta":"","stick-header-meta":"","header-above-stick-meta":"","header-main-stick-meta":"","header-below-stick-meta":"","astra-migrate-meta-layouts":"default","ast-page-background-enabled":"default","ast-page-background-meta":{"desktop":{"background-color":"var(--ast-global-color-4)","background-image":"","background-repeat":"repeat","background-position":"center center","background-size":"auto","background-attachment":"scroll","background-type":"","background-media":"","overlay-type":"","overlay-color":"","overlay-opacity":"","overlay-gradient":""},"tablet":{"background-color":"","background-image":"","background-repeat":"repeat","background-position":"center center","background-size":"auto","background-attachment":"scroll","background-type":"","background-media":"","overlay-type":"","overlay-color":"","overlay-opacity":"","overlay-gradient":""},"mobile":{"background-color":"","background-image":"","background-repeat":"repeat","background-position":"center center","background-size":"auto","background-attachment":"scroll","background-type":"","background-media":"","overlay-type":"","overlay-color":"","overlay-opacity":"","overlay-gradient":""}},"ast-content-background-meta":{"desktop":{"background-color":"var(--ast-global-color-5)","background-image":"","background-repeat":"repeat","background-position":"center center","background-size":"auto","background-attachment":"scroll","background-type":"","background-media":"","overlay-type":"","overlay-color":"","overlay-opacity":"","overlay-gradient":""},"tablet":{"background-color":"var(--ast-global-color-5)","background-image":"","background-repeat":"repeat","background-position":"center center","background-size":"auto","background-attachment":"scroll","background-type":"","background-media":"","overlay-type":"","overlay-color":"","overlay-opacity":"","overlay-gradient":""},"mobile":{"background-color":"var(--ast-global-color-5)","background-image":"","background-repeat":"repeat","background-position":"center center","background-size":"auto","background-attachment":"scroll","background-type":"","background-media":"","overlay-type":"","overlay-color":"","overlay-opacity":"","overlay-gradient":""}},"footnotes":""},"class_list":["post-3091","page","type-page","status-publish","hentry"],"_links":{"self":[{"href":"https:\/\/codax-int.com\/es\/wp-json\/wp\/v2\/pages\/3091","targetHints":{"allow":["GET"]}}],"collection":[{"href":"https:\/\/codax-int.com\/es\/wp-json\/wp\/v2\/pages"}],"about":[{"href":"https:\/\/codax-int.com\/es\/wp-json\/wp\/v2\/types\/page"}],"author":[{"embeddable":true,"href":"https:\/\/codax-int.com\/es\/wp-json\/wp\/v2\/users\/1"}],"replies":[{"embeddable":true,"href":"https:\/\/codax-int.com\/es\/wp-json\/wp\/v2\/comments?post=3091"}],"version-history":[{"count":43,"href":"https:\/\/codax-int.com\/es\/wp-json\/wp\/v2\/pages\/3091\/revisions"}],"predecessor-version":[{"id":3751,"href":"https:\/\/codax-int.com\/es\/wp-json\/wp\/v2\/pages\/3091\/revisions\/3751"}],"wp:attachment":[{"href":"https:\/\/codax-int.com\/es\/wp-json\/wp\/v2\/media?parent=3091"}],"curies":[{"name":"wp","href":"https:\/\/api.w.org\/{rel}","templated":true}]}}