{"id":3056,"date":"2024-08-05T14:16:16","date_gmt":"2024-08-05T19:16:16","guid":{"rendered":"https:\/\/codax-int.com\/?page_id=3056"},"modified":"2024-08-05T18:56:57","modified_gmt":"2024-08-05T23:56:57","slug":"enquete","status":"publish","type":"page","link":"https:\/\/codax-int.com\/fr\/survey\/","title":{"rendered":"Enqu\u00eate"},"content":{"rendered":"<div data-elementor-type=\"wp-page\" data-elementor-id=\"3056\" class=\"elementor elementor-3056\" data-elementor-post-type=\"page\">\n\t\t\t\t<div class=\"elementor-element elementor-element-c4cbfc2 e-flex e-con-boxed e-con e-parent\" data-id=\"c4cbfc2\" data-element_type=\"container\" data-e-type=\"container\">\n\t\t\t\t\t<div class=\"e-con-inner\">\n\t\t<div class=\"elementor-element elementor-element-d6d4cef e-flex e-con-boxed e-con e-child\" data-id=\"d6d4cef\" data-element_type=\"container\" data-e-type=\"container\" data-settings=\"{&quot;background_background&quot;:&quot;classic&quot;}\">\n\t\t\t\t\t<div class=\"e-con-inner\">\n\t\t\t\t<div class=\"elementor-element elementor-element-497b0d5 elementor-widget elementor-widget-heading\" data-id=\"497b0d5\" data-element_type=\"widget\" data-e-type=\"widget\" data-widget_type=\"heading.default\">\n\t\t\t\t<div class=\"elementor-widget-container\">\n\t\t\t\t\t<h1 class=\"elementor-heading-title elementor-size-default\">CONTACTEZ-NOUS <\/h1>\t\t\t\t<\/div>\n\t\t\t\t<\/div>\n\t\t\t\t\t<\/div>\n\t\t\t\t<\/div>\n\t\t\t\t\t<\/div>\n\t\t\t\t<\/div>\n\t\t<div class=\"elementor-element elementor-element-654138e e-flex e-con-boxed e-con e-parent\" data-id=\"654138e\" data-element_type=\"container\" data-e-type=\"container\">\n\t\t\t\t\t<div class=\"e-con-inner\">\n\t\t<div class=\"elementor-element elementor-element-5ee5ab1 e-con-full e-flex e-con e-child\" data-id=\"5ee5ab1\" data-element_type=\"container\" data-e-type=\"container\">\n\t\t\t\t<div class=\"elementor-element elementor-element-5e9c19a elementor-widget elementor-widget-heading\" data-id=\"5e9c19a\" data-element_type=\"widget\" data-e-type=\"widget\" data-widget_type=\"heading.default\">\n\t\t\t\t<div class=\"elementor-widget-container\">\n\t\t\t\t\t<h2 class=\"elementor-heading-title elementor-size-default\">Enqu\u00eate de satisfaction<\/h2>\t\t\t\t<\/div>\n\t\t\t\t<\/div>\n\t\t\t\t<div class=\"elementor-element elementor-element-74b9747 elementor-widget-divider--view-line elementor-widget elementor-widget-divider\" data-id=\"74b9747\" data-element_type=\"widget\" data-e-type=\"widget\" data-widget_type=\"divider.default\">\n\t\t\t\t<div class=\"elementor-widget-container\">\n\t\t\t\t\t\t\t<div class=\"elementor-divider\">\n\t\t\t<span class=\"elementor-divider-separator\">\n\t\t\t\t\t\t<\/span>\n\t\t<\/div>\n\t\t\t\t\t\t<\/div>\n\t\t\t\t<\/div>\n\t\t\t\t<div class=\"elementor-element elementor-element-b0bb8d3 elementor-widget elementor-widget-htcontactform-addons\" data-id=\"b0bb8d3\" data-element_type=\"widget\" data-e-type=\"widget\" data-widget_type=\"htcontactform-addons.default\">\n\t\t\t\t<div class=\"elementor-widget-container\">\n\t\t\t\t\t            <div class=\"htcontact-form-wrapper\" >\n                \n<div class=\"wpcf7 no-js\" id=\"wpcf7-f3055-o1\" lang=\"en-US\" dir=\"ltr\" data-wpcf7-id=\"3055\">\n<div class=\"screen-reader-response\"><p role=\"status\" aria-live=\"polite\" aria-atomic=\"true\"><\/p> <ul><\/ul><\/div>\n<form action=\"\/fr\/wp-json\/wp\/v2\/pages\/3056#wpcf7-f3055-o1\" method=\"post\" class=\"wpcf7-form init\" aria-label=\"Formulaire de contact\" novalidate=\"novalidate\" data-status=\"init\" data-trp-original-action=\"\/fr\/wp-json\/wp\/v2\/pages\/3056#wpcf7-f3055-o1\">\n<fieldset class=\"hidden-fields-container\"><input type=\"hidden\" name=\"_wpcf7\" value=\"3055\" \/><input type=\"hidden\" name=\"_wpcf7_version\" value=\"6.1.5\" \/><input type=\"hidden\" name=\"_wpcf7_locale\" value=\"en_US\" \/><input type=\"hidden\" name=\"_wpcf7_unit_tag\" value=\"wpcf7-f3055-o1\" \/><input type=\"hidden\" name=\"_wpcf7_container_post\" value=\"0\" \/><input type=\"hidden\" name=\"_wpcf7_posted_data_hash\" value=\"\" \/><input type=\"hidden\" name=\"_wpcf7_recaptcha_response\" value=\"\" \/>\n<\/fieldset>\n<div class=\"uacf7-form-wrapper-container uacf7-form-3055\"><div class=\"uacf7-row\"><div class=\"uacf7-col-6\"> <p>Nom:* <span class=\"wpcf7-form-control-wrap\" data-name=\"your-name\"><input size=\"40\" maxlength=\"400\" class=\"wpcf7-form-control wpcf7-text wpcf7-validates-as-required\" aria-required=\"true\" aria-invalid=\"false\" value=\"\" type=\"text\" name=\"your-name\" \/><\/span><\/p> <\/div><div class=\"uacf7-col-6\"> <p>Nom de famille:* <span class=\"wpcf7-form-control-wrap\" data-name=\"surname\"><input size=\"40\" maxlength=\"400\" class=\"wpcf7-form-control wpcf7-text wpcf7-validates-as-required\" aria-required=\"true\" aria-invalid=\"false\" value=\"\" type=\"text\" name=\"surname\" \/><\/span><\/p> <\/div><\/div>\n\n<div class=\"uacf7-row\"><div class=\"uacf7-col-6\"> <p>Courriel:* <span class=\"wpcf7-form-control-wrap\" data-name=\"your-email\"><input size=\"40\" maxlength=\"400\" class=\"wpcf7-form-control wpcf7-email wpcf7-validates-as-required wpcf7-text wpcf7-validates-as-email\" aria-required=\"true\" aria-invalid=\"false\" value=\"\" type=\"email\" name=\"your-email\" \/><\/span><\/p> <\/div><div class=\"uacf7-col-6\"> <p>Num\u00e9ro de t\u00e9l\u00e9phone : <span class=\"wpcf7-form-control-wrap\" data-name=\"your-phone\"><input size=\"40\" maxlength=\"400\" class=\"wpcf7-form-control wpcf7-tel wpcf7-text wpcf7-validates-as-tel\" aria-invalid=\"false\" value=\"\" type=\"tel\" name=\"your-phone\" \/><\/span><\/p> <\/div><\/div>\n\n\n<p>Retour d'information :<\/p>\n<p>La pr\u00e9sentation a-t-elle \u00e9t\u00e9 instructive pour vous et pourrait-elle vous \u00eatre utile pour vos projets ?\n<span class=\"wpcf7-form-control-wrap\" data-name=\"feedback-comments\"><textarea cols=\"40\" rows=\"10\" maxlength=\"2000\" class=\"wpcf7-form-control wpcf7-textarea\" aria-invalid=\"false\" name=\"feedback-comments\"><\/textarea><\/span><\/p>\n\n<p>Int\u00e9r\u00eats et projets d'avenir :<\/p>\n<p>Vous souhaitez en savoir plus sur l'automatisation de la maison et du b\u00e2timent ?\n<span class=\"wpcf7-form-control-wrap\" data-name=\"learning-interest\"><span class=\"wpcf7-form-control wpcf7-radio\"><span class=\"wpcf7-list-item first\"><label><input type=\"radio\" name=\"learning-interest\" value=\"Yes\" \/><span class=\"wpcf7-list-item-label\">Oui<\/span><\/label><\/span><span class=\"wpcf7-list-item last\"><label><input type=\"radio\" name=\"learning-interest\" value=\"No\" \/><span class=\"wpcf7-list-item-label\">Non<\/span><\/label><\/span><\/span><\/span><\/p>\n\n<p>Si oui, quels sont les domaines sp\u00e9cifiques qui vous int\u00e9ressent ? (Cochez toutes les cases qui s'appliquent)\n<span class=\"wpcf7-form-control-wrap\" data-name=\"interest-areas\"><span class=\"wpcf7-form-control wpcf7-checkbox\"><span class=\"wpcf7-list-item first\"><label><input type=\"checkbox\" name=\"interest-areas[]\" value=\"Smart lighting\" \/><span class=\"wpcf7-list-item-label\">\u00c9clairage intelligent<\/span><\/label><\/span><span class=\"wpcf7-list-item\"><label><input type=\"checkbox\" name=\"interest-areas[]\" value=\"Energy management\" \/><span class=\"wpcf7-list-item-label\">Gestion de l'\u00e9nergie<\/span><\/label><\/span><span class=\"wpcf7-list-item\"><label><input type=\"checkbox\" name=\"interest-areas[]\" value=\"Security systems\" \/><span class=\"wpcf7-list-item-label\">Syst\u00e8mes de s\u00e9curit\u00e9<\/span><\/label><\/span><span class=\"wpcf7-list-item\"><label><input type=\"checkbox\" name=\"interest-areas[]\" value=\"Home entertainment\" \/><span class=\"wpcf7-list-item-label\">Divertissement \u00e0 domicile<\/span><\/label><\/span><span class=\"wpcf7-list-item last\"><label><input type=\"checkbox\" name=\"interest-areas[]\" value=\"HVAC control\" \/><span class=\"wpcf7-list-item-label\">Contr\u00f4le CVC<\/span><\/label><\/span><\/span><\/span><\/p>\n<p>Autre : <span class=\"wpcf7-form-control-wrap\" data-name=\"other-interest\"><input size=\"40\" maxlength=\"400\" class=\"wpcf7-form-control wpcf7-text\" aria-invalid=\"false\" value=\"\" type=\"text\" name=\"other-interest\" \/><\/span><\/p>\n\n<p>Seriez-vous int\u00e9ress\u00e9 par des sessions de formation ou des ateliers sur l'automatisation ?\n<span class=\"wpcf7-form-control-wrap\" data-name=\"training-interest\"><span class=\"wpcf7-form-control wpcf7-radio\"><span class=\"wpcf7-list-item first\"><label><input type=\"radio\" name=\"training-interest\" value=\"Yes\" \/><span class=\"wpcf7-list-item-label\">Oui<\/span><\/label><\/span><span class=\"wpcf7-list-item last\"><label><input type=\"radio\" name=\"training-interest\" value=\"No\" \/><span class=\"wpcf7-list-item-label\">Non<\/span><\/label><\/span><\/span><\/span><\/p>\n\n<p>Qu'est-ce qui vous a le plus plu dans cet \u00e9v\u00e9nement ?\n<span class=\"wpcf7-form-control-wrap\" data-name=\"event-valuable\"><textarea cols=\"40\" rows=\"10\" maxlength=\"2000\" class=\"wpcf7-form-control wpcf7-textarea\" aria-invalid=\"false\" name=\"event-valuable\"><\/textarea><\/span><\/p>\n\n<p>Qu'est-ce qui pourrait \u00eatre am\u00e9lior\u00e9 pour les \u00e9v\u00e9nements futurs ?\n<span class=\"wpcf7-form-control-wrap\" data-name=\"event-improvements\"><textarea cols=\"40\" rows=\"10\" maxlength=\"2000\" class=\"wpcf7-form-control wpcf7-textarea\" aria-invalid=\"false\" name=\"event-improvements\"><\/textarea><\/span><\/p>\n\n<p>Avez-vous d'autres commentaires ou suggestions ?\n<span class=\"wpcf7-form-control-wrap\" data-name=\"additional-comments\"><textarea cols=\"40\" rows=\"10\" maxlength=\"2000\" class=\"wpcf7-form-control wpcf7-textarea\" aria-invalid=\"false\" name=\"additional-comments\"><\/textarea><\/span><\/p>\n\n<p>Retour d'information apr\u00e8s le webinaire\/s\u00e9minaire :<\/p>\n<p>Dans l'ensemble, dans quelle mesure avez-vous \u00e9t\u00e9 satisfait de l'\u00e9v\u00e9nement ? (note de 1 \u00e0 5, 1 \u00e9tant tr\u00e8s insatisfait et 5 tr\u00e8s satisfait)\n<span class=\"wpcf7-form-control-wrap\" data-name=\"event-satisfaction\"><span class=\"wpcf7-form-control wpcf7-radio\"><span class=\"wpcf7-list-item first\"><label><input type=\"radio\" name=\"event-satisfaction\" value=\"1\" \/><span class=\"wpcf7-list-item-label\">1<\/span><\/label><\/span><span class=\"wpcf7-list-item\"><label><input type=\"radio\" name=\"event-satisfaction\" value=\"2\" \/><span class=\"wpcf7-list-item-label\">2<\/span><\/label><\/span><span class=\"wpcf7-list-item\"><label><input type=\"radio\" name=\"event-satisfaction\" value=\"3\" \/><span class=\"wpcf7-list-item-label\">3<\/span><\/label><\/span><span class=\"wpcf7-list-item\"><label><input type=\"radio\" name=\"event-satisfaction\" value=\"4\" \/><span class=\"wpcf7-list-item-label\">4<\/span><\/label><\/span><span class=\"wpcf7-list-item last\"><label><input type=\"radio\" name=\"event-satisfaction\" value=\"5\" \/><span class=\"wpcf7-list-item-label\">5<\/span><\/label><\/span><\/span><\/span><\/p>\n\n<p><input class=\"wpcf7-form-control wpcf7-submit has-spinner\" type=\"submit\" value=\"Soumettre\" \/><\/p><\/div><div class=\"wpcf7-response-output\" aria-hidden=\"true\"><\/div>\n<input type=\"hidden\" name=\"trp-form-language\" value=\"fr\"\/><\/form>\n<\/div>\n            <\/div>\n\n        \t\t\t\t<\/div>\n\t\t\t\t<\/div>\n\t\t\t\t<\/div>\n\t\t\t\t\t<\/div>\n\t\t\t\t<\/div>\n\t\t\t\t<\/div>","protected":false},"excerpt":{"rendered":"<p>CONTACT US Feedback Survey Name:* Last Name:* Email:* Phone Number: Feedback: Was the presentation educational for you and could this be helpful for your projects? Interests and Future Plans: Are you interested in learning more about home and building automation? YesNo If yes, what specific areas are you interested in? (Check all that apply) Smart [&hellip;]<\/p>\n","protected":false},"author":1,"featured_media":0,"parent":0,"menu_order":0,"comment_status":"closed","ping_status":"closed","template":"","meta":{"inline_featured_image":false,"site-sidebar-layout":"no-sidebar","site-content-layout":"page-builder","ast-site-content-layout":"full-width-container","site-content-style":"unboxed","site-sidebar-style":"unboxed","ast-global-header-display":"","ast-banner-title-visibility":"","ast-main-header-display":"","ast-hfb-above-header-display":"","ast-hfb-below-header-display":"","ast-hfb-mobile-header-display":"","site-post-title":"disabled","ast-breadcrumbs-content":"","ast-featured-img":"disabled","footer-sml-layout":"","ast-disable-related-posts":"","theme-transparent-header-meta":"enabled","adv-header-id-meta":"","stick-header-meta":"","header-above-stick-meta":"","header-main-stick-meta":"","header-below-stick-meta":"","astra-migrate-meta-layouts":"set","ast-page-background-enabled":"default","ast-page-background-meta":{"desktop":{"background-color":"var(--ast-global-color-4)","background-image":"","background-repeat":"repeat","background-position":"center center","background-size":"auto","background-attachment":"scroll","background-type":"","background-media":"","overlay-type":"","overlay-color":"","overlay-opacity":"","overlay-gradient":""},"tablet":{"background-color":"","background-image":"","background-repeat":"repeat","background-position":"center center","background-size":"auto","background-attachment":"scroll","background-type":"","background-media":"","overlay-type":"","overlay-color":"","overlay-opacity":"","overlay-gradient":""},"mobile":{"background-color":"","background-image":"","background-repeat":"repeat","background-position":"center center","background-size":"auto","background-attachment":"scroll","background-type":"","background-media":"","overlay-type":"","overlay-color":"","overlay-opacity":"","overlay-gradient":""}},"ast-content-background-meta":{"desktop":{"background-color":"var(--ast-global-color-5)","background-image":"","background-repeat":"repeat","background-position":"center center","background-size":"auto","background-attachment":"scroll","background-type":"","background-media":"","overlay-type":"","overlay-color":"","overlay-opacity":"","overlay-gradient":""},"tablet":{"background-color":"var(--ast-global-color-5)","background-image":"","background-repeat":"repeat","background-position":"center center","background-size":"auto","background-attachment":"scroll","background-type":"","background-media":"","overlay-type":"","overlay-color":"","overlay-opacity":"","overlay-gradient":""},"mobile":{"background-color":"var(--ast-global-color-5)","background-image":"","background-repeat":"repeat","background-position":"center center","background-size":"auto","background-attachment":"scroll","background-type":"","background-media":"","overlay-type":"","overlay-color":"","overlay-opacity":"","overlay-gradient":""}},"footnotes":""},"class_list":["post-3056","page","type-page","status-publish","hentry"],"_links":{"self":[{"href":"https:\/\/codax-int.com\/fr\/wp-json\/wp\/v2\/pages\/3056","targetHints":{"allow":["GET"]}}],"collection":[{"href":"https:\/\/codax-int.com\/fr\/wp-json\/wp\/v2\/pages"}],"about":[{"href":"https:\/\/codax-int.com\/fr\/wp-json\/wp\/v2\/types\/page"}],"author":[{"embeddable":true,"href":"https:\/\/codax-int.com\/fr\/wp-json\/wp\/v2\/users\/1"}],"replies":[{"embeddable":true,"href":"https:\/\/codax-int.com\/fr\/wp-json\/wp\/v2\/comments?post=3056"}],"version-history":[{"count":17,"href":"https:\/\/codax-int.com\/fr\/wp-json\/wp\/v2\/pages\/3056\/revisions"}],"predecessor-version":[{"id":3085,"href":"https:\/\/codax-int.com\/fr\/wp-json\/wp\/v2\/pages\/3056\/revisions\/3085"}],"wp:attachment":[{"href":"https:\/\/codax-int.com\/fr\/wp-json\/wp\/v2\/media?parent=3056"}],"curies":[{"name":"wp","href":"https:\/\/api.w.org\/{rel}","templated":true}]}}